{"id":8,"date":"2021-01-09T14:15:20","date_gmt":"2021-01-09T13:15:20","guid":{"rendered":"http:\/\/itto.fr\/?page_id=8"},"modified":"2025-11-20T17:49:41","modified_gmt":"2025-11-20T16:49:41","slug":"contact","status":"publish","type":"page","link":"https:\/\/itto.fr\/index.php\/contact\/","title":{"rendered":"Michel PASOTTI"},"content":{"rendered":"\n<p class=\"has-drop-cap\">Consultant et formateur singulier par mon approche et mes pratiques int\u00e9gratives, je combine diverses techniques d&#8217;efficacit\u00e9 personnelles, centr\u00e9es sur l&#8217;unit\u00e9 corps-esprit et issues de diff\u00e9rentes traditions. L&#8217;efficience de ces m\u00e9thodes est confirm\u00e9es par les avanc\u00e9es r\u00e9centes en neurobiologie et sciences humaines.<\/p>\n\n\n\n<p><\/p>\n\n\n\n<div class=\"wp-block-group\"><div class=\"wp-block-group__inner-container is-layout-flow wp-block-group-is-layout-flow\">\n<div class=\"wp-block-columns is-layout-flex wp-container-core-columns-is-layout-9d6595d7 wp-block-columns-is-layout-flex\">\n<div class=\"wp-block-column is-layout-flow wp-block-column-is-layout-flow\"><div class=\"wp-block-image\">\n<figure class=\"aligncenter size-large\"><img loading=\"lazy\" decoding=\"async\" width=\"670\" height=\"1024\" src=\"https:\/\/itto.fr\/wp-content\/uploads\/2025\/06\/Portrait_IMG_9702-670x1024.jpeg\" alt=\"\" class=\"wp-image-493\" srcset=\"https:\/\/itto.fr\/wp-content\/uploads\/2025\/06\/Portrait_IMG_9702-670x1024.jpeg 670w, https:\/\/itto.fr\/wp-content\/uploads\/2025\/06\/Portrait_IMG_9702-196x300.jpeg 196w, https:\/\/itto.fr\/wp-content\/uploads\/2025\/06\/Portrait_IMG_9702-300x459.jpeg 300w, https:\/\/itto.fr\/wp-content\/uploads\/2025\/06\/Portrait_IMG_9702.jpeg 728w\" sizes=\"auto, (max-width: 670px) 100vw, 670px\" \/><\/figure>\n<\/div><\/div>\n\n\n\n<div class=\"wp-block-column is-layout-flow wp-block-column-is-layout-flow\"><\/div>\n<\/div>\n<\/div><\/div>\n\n\n\n<p><strong>CURSUS SYNTHETIQUE<\/strong><\/p>\n\n\n\n<p>\u00c0 73 ans, je suis la preuve vivante que la transformation est possible \u00e0 tout \u00e2ge et dans toutes les circonstances.<\/p>\n\n\n\n<p><strong>Mon parcours ? Une s\u00e9rie de reconversions r\u00e9ussies :<\/strong><\/p>\n\n\n\n<p>Apr\u00e8s un doctorat en \u00e9conom\u00e9trie et plus de 20 ans de management IT chez IBM et Atos, j&#8217;ai op\u00e9r\u00e9 ma premi\u00e8re grande transformation : devenir avocat apr\u00e8s 50 ans (concours r\u00e9ussi plus rapidement que la moyenne des candidats).<\/p>\n\n\n\n<p>Puis est venu le d\u00e9fi le plus dur : traverser et surmonter un cancer du pancr\u00e9as diagnostiqu\u00e9 en 2021. Cette \u00e9preuve m&#8217;a conduit \u00e0 mobiliser intens\u00e9ment mes comp\u00e9tences en hypnose et mes ressources int\u00e9rieures. J&#8217;en ai tir\u00e9 un livre publi\u00e9 en 2023 : &#8220;La Fontaine des Hypnocents &#8211; Mieux vivre le cancer gr\u00e2ce \u00e0 l&#8217;hypnose et \u00e0 ses ressources int\u00e9rieures&#8221;.<\/p>\n\n\n\n<p>Aujourd&#8217;hui, \u00e0 73 ans, je continue \u00e0 me r\u00e9inventer et j&#8217;accompagne ceux qui veulent faire de m\u00eame.<\/p>\n\n\n\n<p><strong>Ma conviction :<\/strong>&nbsp;nous disposons tous de ressources int\u00e9rieures insoup\u00e7onn\u00e9es. Mon r\u00f4le est de vous aider \u00e0 les mobiliser.<\/p>\n\n\n\n<p>Je combine l&#8217;hypnose th\u00e9rapeutique, les principes d&#8217;auto-efficacit\u00e9 de Bandura, et mes exp\u00e9riences concr\u00e8tes pour accompagner deux types de transformations :<\/p>\n\n\n\n<p>\u2192&nbsp;<strong>\u00c9tudiants en droit<\/strong>&nbsp;: pr\u00e9paration mentale au concours d&#8217;avocat, gestion du stress, optimisation de l&#8217;apprentissage<\/p>\n\n\n\n<p>\u2192&nbsp;<strong>Seniors actifs<\/strong>&nbsp;: r\u00e9invention professionnelle, maintien de la performance, projets de vie apr\u00e8s 60 ans<\/p>\n\n\n\n<p><strong>Vous pr\u00e9parez le concours d&#8217;avocat ? Vous voulez rester dans la course professionnelle ?<\/strong>&nbsp;<\/p>\n\n\n\n<p>N&#8217;h\u00e9sitez pas \u00e0 me contacter !<\/p>\n\n\n\n<hr class=\"wp-block-separator has-alpha-channel-opacity\"\/>\n\n\n\n<p><\/p>\n\n\n\n<p>Accessoirement, j&#8217;ai \u00e9crit un bouquin dont la lecture est conseill\u00e9e : &#8220;<strong>La fontaine des Hypnocents<\/strong>&#8221; auto-\u00e9dit\u00e9 chez Amazon (les critiques sont sinc\u00e8res et plut\u00f4t bonnes \ud83d\ude42).<\/p>\n\n\n\n<p> <a rel=\"noreferrer noopener\" href=\"https:\/\/www.amazon.fr\/Fontaine-Hypnocents-lhypnose-ressources-int\u00e9rieures-ebook\/dp\/B0BN4NX97Y\/ref=sr_1_1?__mk_fr_FR=\u00c5M\u00c5\u017d\u00d5\u00d1&amp;crid=1IRDHQSQK6RZA&amp;dib=eyJ2IjoiMSJ9.Qr7rCsv4g4QJLCb86QVGV-6NgcfTmk6sKRc3iun8mA5snmdXoe47lYLzdQA7hzok3jEV1qKa1mqZE68DL4WL2PApObupSbZ2kxI_K1h06DPZeIZwyCqrqbamWbarl_mB4JKpQo6tDDPuhbkRqZH1AnSXNLzn56EKO91Gr0rp7f-lyDdr175ITJbUwMqCIzW4GYnhP0zU4layhNeogXBEgDR0bb472WE5-SCkksr-6tOWOtXgpHy9IdW9xK6lDJO37Q0i6V4NMc-QzYedYfV8UNy-Vl2okLhMvekE73vqksQ.aGQhPx3luOIj8DFHO03j4IWL2Ib10KqckKcBfYj8l3o&amp;dib_tag=se&amp;keywords=michel+pasotti&amp;qid=1750962991&amp;sprefix=michel+pasotti%2Caps%2C87&amp;sr=8-1#\" data-type=\"URL\" data-id=\"https:\/\/www.amazon.fr\/Fontaine-Hypnocents-lhypnose-ressources-int\u00e9rieures-ebook\/dp\/B0BN4NX97Y\/ref=sr_1_1?__mk_fr_FR=\u00c5M\u00c5\u017d\u00d5\u00d1&amp;crid=1IRDHQSQK6RZA&amp;dib=eyJ2IjoiMSJ9.Qr7rCsv4g4QJLCb86QVGV-6NgcfTmk6sKRc3iun8mA5snmdXoe47lYLzdQA7hzok3jEV1qKa1mqZE68DL4WL2PApObupSbZ2kxI_K1h06DPZeIZwyCqrqbamWbarl_mB4JKpQo6tDDPuhbkRqZH1AnSXNLzn56EKO91Gr0rp7f-lyDdr175ITJbUwMqCIzW4GYnhP0zU4layhNeogXBEgDR0bb472WE5-SCkksr-6tOWOtXgpHy9IdW9xK6lDJO37Q0i6V4NMc-QzYedYfV8UNy-Vl2okLhMvekE73vqksQ.aGQhPx3luOIj8DFHO03j4IWL2Ib10KqckKcBfYj8l3o&amp;dib_tag=se&amp;keywords=michel+pasotti&amp;qid=1750962991&amp;sprefix=michel+pasotti%2Caps%2C87&amp;sr=8-1#\" target=\"_blank\">https:\/\/www.amazon.fr\/Fontaine-Hypnocents-lhypnose-ressources-int\u00e9rieures-ebook <\/a><\/p>\n\n\n\n<p>Pour me contacter : <\/p>\n\n\n\n<p>Tel : +33 6 4229 3417 <\/p>\n\n\n\n<p>Mail : michel.pasotti@itto.fr<\/p>\n\n\n\n<p>Pour me rejoindre sur Linkedin : <a rel=\"noreferrer noopener\" href=\"https:\/\/www.linkedin.com\/comm\/mynetwork\/discovery-see-all?usecase=PEOPLE_FOLLOWS&amp;followMember=pasotti\" target=\"_blank\">Follow on LinkedIn<\/a><\/p>\n","protected":false},"excerpt":{"rendered":"<p>Consultant et formateur singulier par mon approche et mes pratiques int\u00e9gratives, je combine diverses techniques d&#8217;efficacit\u00e9 personnelles, centr\u00e9es sur l&#8217;unit\u00e9 corps-esprit et issues de diff\u00e9rentes traditions. L&#8217;efficience de ces m\u00e9thodes est confirm\u00e9es par les avanc\u00e9es r\u00e9centes en neurobiologie et sciences humaines. CURSUS SYNTHETIQUE \u00c0 73 ans, je suis la preuve vivante que la transformation est&#8230;<\/p>\n","protected":false},"author":1,"featured_media":0,"parent":0,"menu_order":0,"comment_status":"closed","ping_status":"closed","template":"","meta":{"footnotes":""},"class_list":["post-8","page","type-page","status-publish","hentry"],"_links":{"self":[{"href":"https:\/\/itto.fr\/index.php\/wp-json\/wp\/v2\/pages\/8","targetHints":{"allow":["GET"]}}],"collection":[{"href":"https:\/\/itto.fr\/index.php\/wp-json\/wp\/v2\/pages"}],"about":[{"href":"https:\/\/itto.fr\/index.php\/wp-json\/wp\/v2\/types\/page"}],"author":[{"embeddable":true,"href":"https:\/\/itto.fr\/index.php\/wp-json\/wp\/v2\/users\/1"}],"replies":[{"embeddable":true,"href":"https:\/\/itto.fr\/index.php\/wp-json\/wp\/v2\/comments?post=8"}],"version-history":[{"count":93,"href":"https:\/\/itto.fr\/index.php\/wp-json\/wp\/v2\/pages\/8\/revisions"}],"predecessor-version":[{"id":605,"href":"https:\/\/itto.fr\/index.php\/wp-json\/wp\/v2\/pages\/8\/revisions\/605"}],"wp:attachment":[{"href":"https:\/\/itto.fr\/index.php\/wp-json\/wp\/v2\/media?parent=8"}],"curies":[{"name":"wp","href":"https:\/\/api.w.org\/{rel}","templated":true}]}}