{"id":7,"date":"2021-01-09T14:15:20","date_gmt":"2021-01-09T13:15:20","guid":{"rendered":"http:\/\/itto.fr\/?page_id=7"},"modified":"2025-11-20T19:22:43","modified_gmt":"2025-11-20T18:22:43","slug":"a-propos-de","status":"publish","type":"page","link":"https:\/\/itto.fr\/index.php\/a-propos-de\/","title":{"rendered":"ITTO"},"content":{"rendered":"\n<p><\/p>\n\n\n\n<h1 class=\"wp-block-heading\">Innovation<\/h1>\n\n\n\n<h1 class=\"wp-block-heading\">Transition <\/h1>\n\n\n\n<h1 class=\"wp-block-heading\">Transformation <\/h1>\n\n\n\n<h1 class=\"wp-block-heading\">Optimisation<\/h1>\n\n\n\n<div class=\"wp-block-group alignwide has-background\" style=\"background-color:#ffffff\"><div class=\"wp-block-group__inner-container is-layout-flow wp-block-group-is-layout-flow\">\n<div class=\"wp-block-group\"><div class=\"wp-block-group__inner-container is-layout-flow wp-block-group-is-layout-flow\">\n<h6 class=\"wp-block-heading has-text-align-left\">Merci de contactez en toute confidentialit\u00e9 :  <\/h6>\n\n\n\n<h3 class=\"wp-block-heading has-text-align-left\">Michel PASOTTI<\/h3>\n\n\n\n<p class=\"has-text-align-left\">Par t\u00e9l\u00e9phone : +33 6 4229 3417<\/p>\n\n\n\n<p class=\"has-text-align-left\">Par mail : michel.pasotti@itto.fr<\/p>\n\n\n\n<p><\/p>\n\n\n\n<p><\/p>\n<\/div><\/div>\n<\/div><\/div>\n","protected":false},"excerpt":{"rendered":"<p>Innovation Transition Transformation Optimisation Merci de contactez en toute confidentialit\u00e9 : Michel PASOTTI Par t\u00e9l\u00e9phone : +33 6 4229 3417 Par mail : michel.pasotti@itto.fr<\/p>\n","protected":false},"author":1,"featured_media":0,"parent":0,"menu_order":0,"comment_status":"closed","ping_status":"closed","template":"","meta":{"footnotes":""},"class_list":["post-7","page","type-page","status-publish","hentry"],"_links":{"self":[{"href":"https:\/\/itto.fr\/index.php\/wp-json\/wp\/v2\/pages\/7","targetHints":{"allow":["GET"]}}],"collection":[{"href":"https:\/\/itto.fr\/index.php\/wp-json\/wp\/v2\/pages"}],"about":[{"href":"https:\/\/itto.fr\/index.php\/wp-json\/wp\/v2\/types\/page"}],"author":[{"embeddable":true,"href":"https:\/\/itto.fr\/index.php\/wp-json\/wp\/v2\/users\/1"}],"replies":[{"embeddable":true,"href":"https:\/\/itto.fr\/index.php\/wp-json\/wp\/v2\/comments?post=7"}],"version-history":[{"count":15,"href":"https:\/\/itto.fr\/index.php\/wp-json\/wp\/v2\/pages\/7\/revisions"}],"predecessor-version":[{"id":633,"href":"https:\/\/itto.fr\/index.php\/wp-json\/wp\/v2\/pages\/7\/revisions\/633"}],"wp:attachment":[{"href":"https:\/\/itto.fr\/index.php\/wp-json\/wp\/v2\/media?parent=7"}],"curies":[{"name":"wp","href":"https:\/\/api.w.org\/{rel}","templated":true}]}}